{"id":1159,"date":"2013-06-19T13:03:26","date_gmt":"2013-06-19T13:03:26","guid":{"rendered":"https:\/\/sanddorn-christine-berger.de\/en\/impressum-sanddorn-christine-berger-de\/"},"modified":"2025-05-26T14:47:05","modified_gmt":"2025-05-26T12:47:05","slug":"impressum-sanddorn-christine-berger-de","status":"publish","type":"page","link":"https:\/\/sanddorn-christine-berger.de\/en\/impressum-sanddorn-christine-berger-de\/","title":{"rendered":"Impressum Sanddorn-Christine-Berger.de"},"content":{"rendered":"<h1>Impressum<\/h1>\n<h2>Angaben gem\u00e4\u00df \u00a7 5 TMG:<\/h2>\n<p>Christine Berger GmbH &amp; Co. KG<br \/>\nFercher Stra\u00dfe 60<br \/>\nOT Petzow<br \/>\n14542 Werder (Havel)<\/p>\n<h2>Vertreten durch:<\/h2>\n<p>Havell\u00e4ndische Spezialit\u00e4ten Verwaltungs GmbH<br \/>\nGesch\u00e4ftsf\u00fchrerin: Dorothee Berger<br \/>\nHRB 12013<\/p>\n<h2>Kontakt:<\/h2>\n<p>Telefon: 03327\/4691-0<br \/>\nTelefax: 03327\/4691-24<br \/>\nE-Mail: info@sandokan.de<\/p>\n<h2>Registereintrag:<\/h2>\n<p>Eintragung im Handelsregister.<br \/>\nRegistergericht:Potsdam<br \/>\nRegisternummer: HRA 1182<\/p>\n<h2>Umsatzsteuer:<\/h2>\n<p>Umsatzsteuer-Identifikationsnummer gem\u00e4\u00df \u00a727 a Umsatzsteuergesetz:<br \/>\nDE155215113<\/p>\n<h2>Verantwortlich f\u00fcr den Inhalt nach \u00a7 55 Abs. 2 RStV:<\/h2>\n<p>Christine Berger GmbH &amp; Co. KG<br \/>\nGesch\u00e4ftsf\u00fchrerin: Dorothee Berger<br \/>\nFercher Stra\u00dfe 60<br \/>\nOT Petzow<br \/>\n14542 Werder\/Havel<\/p>\n<p>&nbsp;<\/p>\n<h2>Barrierefreiheit in unserem Onlineshop<\/h2>\n<p>Wir legen gro\u00dfen Wert darauf, dass unser Onlineshop f\u00fcr alle Menschen zug\u00e4nglich ist \u2013 unabh\u00e4ngig von k\u00f6rperlichen oder technischen Voraussetzungen. Barrierefreiheit bedeutet f\u00fcr uns, dass alle unsere Inhalte einfach und ohne Einschr\u00e4nkungen genutzt werden k\u00f6nnen. Deshalb arbeiten wir kontinuierlich daran, unsere Website barrierefrei zu gestalten. Dabei orientieren wir uns an anerkannten Standards wie den Web Content Accessibility Guidelines (WCAG) und setzen technische sowie gestalterische Ma\u00dfnahmen um, die eine bessere Nutzbarkeit erm\u00f6glichen \u2013 zum Beispiel durch eine klare Strukturierung, gut lesbare Texte, eine verst\u00e4ndliche Navigation und die Kompatibilit\u00e4t mit Hilfsmitteln wie Screenreadern.<br \/>\nIhr Feedback ist uns wichtig! Trotz aller Bem\u00fchungen kann es vorkommen, dass noch nicht alles perfekt funktioniert. Sollten Sie auf Barrieren sto\u00dfen oder Anregungen haben, wie wir unseren Onlineshop noch zug\u00e4nglicher gestalten k\u00f6nnen, freuen wir uns jederzeit \u00fcber Ihre R\u00fcckmeldung. Bitte kontaktieren Sie uns \u2013 wir nehmen Ihr Feedback ernst und setzen uns daf\u00fcr ein, passende L\u00f6sungen zu finden. Gemeinsam m\u00f6chten wir eine digitale Umgebung schaffen, die f\u00fcr alle zug\u00e4nglich ist.<\/p>\n<h2>Streitschlichtung<\/h2>\n<p>Die Europ\u00e4ische Kommission stellt eine Plattform zur Online-Streitbeilegung (OS) bereit: <a href=\"https:\/\/ec.europa.eu\/consumers\/odr\" target=\"_blank\" rel=\"noopener noreferrer\">https:\/\/ec.europa.eu\/consumers\/odr<\/a>.<br \/>\nUnsere E-Mail-Adresse finden Sie oben im Impressum.<\/p>\n<p>Wir sind nicht bereit oder verpflichtet, an Streitbeilegungsverfahren vor einer Verbraucherschlichtungsstelle teilzunehmen.<\/p>\n<h3>Haftung f\u00fcr Inhalte<\/h3>\n<p>Als Diensteanbieter sind wir gem\u00e4\u00df \u00a7 7 Abs.1 TMG f\u00fcr eigene Inhalte auf diesen Seiten nach den allgemeinen Gesetzen verantwortlich. Nach \u00a7\u00a7 8 bis 10 TMG sind wir als Diensteanbieter jedoch nicht verpflichtet, \u00fcbermittelte oder gespeicherte fremde Informationen zu \u00fcberwachen oder nach Umst\u00e4nden zu forschen, die auf eine rechtswidrige T\u00e4tigkeit hinweisen.<\/p>\n<p>Verpflichtungen zur Entfernung oder Sperrung der Nutzung von Informationen nach den allgemeinen Gesetzen bleiben hiervon unber\u00fchrt. Eine diesbez\u00fcgliche Haftung ist jedoch erst ab dem Zeitpunkt der Kenntnis einer konkreten Rechtsverletzung m\u00f6glich. Bei Bekanntwerden von entsprechenden Rechtsverletzungen werden wir diese Inhalte umgehend entfernen.<\/p>\n<h3>Haftung f\u00fcr Links<\/h3>\n<p>Unser Angebot enth\u00e4lt Links zu externen Websites Dritter, auf deren Inhalte wir keinen Einfluss haben. Deshalb k\u00f6nnen wir f\u00fcr diese fremden Inhalte auch keine Gew\u00e4hr \u00fcbernehmen. F\u00fcr die Inhalte der verlinkten Seiten ist stets der jeweilige Anbieter oder Betreiber der Seiten verantwortlich. Die verlinkten Seiten wurden zum Zeitpunkt der Verlinkung auf m\u00f6gliche Rechtsverst\u00f6\u00dfe \u00fcberpr\u00fcft. Rechtswidrige Inhalte waren zum Zeitpunkt der Verlinkung nicht erkennbar.<\/p>\n<p>Eine permanente inhaltliche Kontrolle der verlinkten Seiten ist jedoch ohne konkrete Anhaltspunkte einer Rechtsverletzung nicht zumutbar. Bei Bekanntwerden von Rechtsverletzungen werden wir derartige Links umgehend entfernen.<\/p>\n<h3>Urheberrecht<\/h3>\n<p>Die durch die Seitenbetreiber erstellten Inhalte und Werke auf diesen Seiten unterliegen dem deutschen Urheberrecht. Die Vervielf\u00e4ltigung, Bearbeitung, Verbreitung und jede Art der Verwertung au\u00dferhalb der Grenzen des Urheberrechtes bed\u00fcrfen der schriftlichen Zustimmung des jeweiligen Autors bzw. Erstellers. Downloads und Kopien dieser Seite sind nur f\u00fcr den privaten, nicht kommerziellen Gebrauch gestattet.<\/p>\n<p>Soweit die Inhalte auf dieser Seite nicht vom Betreiber erstellt wurden, werden die Urheberrechte Dritter beachtet. Insbesondere werden Inhalte Dritter als solche gekennzeichnet. Sollten Sie trotzdem auf eine Urheberrechtsverletzung aufmerksam werden, bitten wir um einen entsprechenden Hinweis. Bei Bekanntwerden von Rechtsverletzungen werden wir derartige Inhalte umgehend entfernen.<\/p>\n<p><strong>Bildnachweise:<\/strong><\/p>\n<p>Christine Berger GmbH &amp; Co. KG<br \/>\ni s t o c k p h o t o . c o m (IDs 101 31732)<br \/>\nf r e e i m a g e s . c o m (formerly s x c . h u)<\/p>\n","protected":false},"excerpt":{"rendered":"<p>Impressum Angaben gem\u00e4\u00df \u00a7 5 TMG: Christine Berger GmbH &amp; Co. KG Fercher Stra\u00dfe 60 OT Petzow 14542 Werder (Havel) Vertreten durch: Havell\u00e4ndische Spezialit\u00e4ten Verwaltungs GmbH Gesch\u00e4ftsf\u00fchrerin: Dorothee Berger HRB 12013 Kontakt: Telefon: 03327\/4691-0 Telefax: 03327\/4691-24 E-Mail: info@sandokan.de Registereintrag: Eintragung im Handelsregister. Registergericht:Potsdam Registernummer: HRA 1182 Umsatzsteuer: Umsatzsteuer-Identifikationsnummer gem\u00e4\u00df \u00a727 a Umsatzsteuergesetz: DE155215113 Verantwortlich f\u00fcr [&hellip;]<\/p>\n","protected":false},"author":3,"featured_media":0,"parent":0,"menu_order":0,"comment_status":"closed","ping_status":"closed","template":"","meta":{"footnotes":""},"class_list":["post-1159","page","type-page","status-publish","hentry"],"yoast_head":"<!-- This site is optimized with the Yoast SEO plugin v27.1.1 - https:\/\/yoast.com\/product\/yoast-seo-wordpress\/ -->\n<title>Impressum Sanddorn-Christine-Berger.de<\/title>\n<meta name=\"description\" content=\"Impressum der Unternehmenswebsite der Christine Berger GmbH &amp; Co. KG. Das Sanddorn-Familienunternehmen in 14542 Petzow bei Werder (Havel), Brandenburg.\" \/>\n<meta name=\"robots\" content=\"index, follow, max-snippet:-1, max-image-preview:large, max-video-preview:-1\" \/>\n<link rel=\"canonical\" href=\"https:\/\/sanddorn-christine-berger.de\/en\/impressum-sanddorn-christine-berger-de\/\" \/>\n<meta property=\"og:locale\" content=\"en_US\" \/>\n<meta property=\"og:type\" content=\"article\" \/>\n<meta property=\"og:title\" content=\"Impressum Sanddorn-Christine-Berger.de\" \/>\n<meta property=\"og:description\" content=\"Impressum der Unternehmenswebsite der Christine Berger GmbH &amp; Co. KG. Das Sanddorn-Familienunternehmen in 14542 Petzow bei Werder (Havel), Brandenburg.\" \/>\n<meta property=\"og:url\" content=\"https:\/\/sanddorn-christine-berger.de\/en\/impressum-sanddorn-christine-berger-de\/\" \/>\n<meta property=\"og:site_name\" content=\"Christine Berger |\" \/>\n<meta property=\"article:modified_time\" content=\"2025-05-26T12:47:05+00:00\" \/>\n<meta name=\"twitter:label1\" content=\"Est. reading time\" \/>\n\t<meta name=\"twitter:data1\" content=\"3 minutes\" \/>\n<script type=\"application\/ld+json\" class=\"yoast-schema-graph\">{\"@context\":\"https:\/\/schema.org\",\"@graph\":[{\"@type\":\"WebPage\",\"@id\":\"https:\/\/sanddorn-christine-berger.de\/en\/impressum-sanddorn-christine-berger-de\/\",\"url\":\"https:\/\/sanddorn-christine-berger.de\/en\/impressum-sanddorn-christine-berger-de\/\",\"name\":\"Impressum Sanddorn-Christine-Berger.de\",\"isPartOf\":{\"@id\":\"https:\/\/sanddorn-christine-berger.de\/#website\"},\"datePublished\":\"2013-06-19T13:03:26+00:00\",\"dateModified\":\"2025-05-26T12:47:05+00:00\",\"description\":\"Impressum der Unternehmenswebsite der Christine Berger GmbH & Co. KG. Das Sanddorn-Familienunternehmen in 14542 Petzow bei Werder (Havel), Brandenburg.\",\"inLanguage\":\"en-US\",\"potentialAction\":[{\"@type\":\"ReadAction\",\"target\":[\"https:\/\/sanddorn-christine-berger.de\/en\/impressum-sanddorn-christine-berger-de\/\"]}]},{\"@type\":\"WebSite\",\"@id\":\"https:\/\/sanddorn-christine-berger.de\/#website\",\"url\":\"https:\/\/sanddorn-christine-berger.de\/\",\"name\":\"Christine Berger |\",\"description\":\"Die Welt des Sanddorns\",\"potentialAction\":[{\"@type\":\"SearchAction\",\"target\":{\"@type\":\"EntryPoint\",\"urlTemplate\":\"https:\/\/sanddorn-christine-berger.de\/?s={search_term_string}\"},\"query-input\":{\"@type\":\"PropertyValueSpecification\",\"valueRequired\":true,\"valueName\":\"search_term_string\"}}],\"inLanguage\":\"en-US\"}]}<\/script>\n<!-- \/ Yoast SEO plugin. -->","yoast_head_json":{"title":"Impressum Sanddorn-Christine-Berger.de","description":"Impressum der Unternehmenswebsite der Christine Berger GmbH & Co. KG. Das Sanddorn-Familienunternehmen in 14542 Petzow bei Werder (Havel), Brandenburg.","robots":{"index":"index","follow":"follow","max-snippet":"max-snippet:-1","max-image-preview":"max-image-preview:large","max-video-preview":"max-video-preview:-1"},"canonical":"https:\/\/sanddorn-christine-berger.de\/en\/impressum-sanddorn-christine-berger-de\/","og_locale":"en_US","og_type":"article","og_title":"Impressum Sanddorn-Christine-Berger.de","og_description":"Impressum der Unternehmenswebsite der Christine Berger GmbH & Co. KG. Das Sanddorn-Familienunternehmen in 14542 Petzow bei Werder (Havel), Brandenburg.","og_url":"https:\/\/sanddorn-christine-berger.de\/en\/impressum-sanddorn-christine-berger-de\/","og_site_name":"Christine Berger |","article_modified_time":"2025-05-26T12:47:05+00:00","twitter_misc":{"Est. reading time":"3 minutes"},"schema":{"@context":"https:\/\/schema.org","@graph":[{"@type":"WebPage","@id":"https:\/\/sanddorn-christine-berger.de\/en\/impressum-sanddorn-christine-berger-de\/","url":"https:\/\/sanddorn-christine-berger.de\/en\/impressum-sanddorn-christine-berger-de\/","name":"Impressum Sanddorn-Christine-Berger.de","isPartOf":{"@id":"https:\/\/sanddorn-christine-berger.de\/#website"},"datePublished":"2013-06-19T13:03:26+00:00","dateModified":"2025-05-26T12:47:05+00:00","description":"Impressum der Unternehmenswebsite der Christine Berger GmbH & Co. KG. Das Sanddorn-Familienunternehmen in 14542 Petzow bei Werder (Havel), Brandenburg.","inLanguage":"en-US","potentialAction":[{"@type":"ReadAction","target":["https:\/\/sanddorn-christine-berger.de\/en\/impressum-sanddorn-christine-berger-de\/"]}]},{"@type":"WebSite","@id":"https:\/\/sanddorn-christine-berger.de\/#website","url":"https:\/\/sanddorn-christine-berger.de\/","name":"Christine Berger |","description":"Die Welt des Sanddorns","potentialAction":[{"@type":"SearchAction","target":{"@type":"EntryPoint","urlTemplate":"https:\/\/sanddorn-christine-berger.de\/?s={search_term_string}"},"query-input":{"@type":"PropertyValueSpecification","valueRequired":true,"valueName":"search_term_string"}}],"inLanguage":"en-US"}]}},"_links":{"self":[{"href":"https:\/\/sanddorn-christine-berger.de\/en\/wp-json\/wp\/v2\/pages\/1159","targetHints":{"allow":["GET"]}}],"collection":[{"href":"https:\/\/sanddorn-christine-berger.de\/en\/wp-json\/wp\/v2\/pages"}],"about":[{"href":"https:\/\/sanddorn-christine-berger.de\/en\/wp-json\/wp\/v2\/types\/page"}],"author":[{"embeddable":true,"href":"https:\/\/sanddorn-christine-berger.de\/en\/wp-json\/wp\/v2\/users\/3"}],"replies":[{"embeddable":true,"href":"https:\/\/sanddorn-christine-berger.de\/en\/wp-json\/wp\/v2\/comments?post=1159"}],"version-history":[{"count":11,"href":"https:\/\/sanddorn-christine-berger.de\/en\/wp-json\/wp\/v2\/pages\/1159\/revisions"}],"predecessor-version":[{"id":3096,"href":"https:\/\/sanddorn-christine-berger.de\/en\/wp-json\/wp\/v2\/pages\/1159\/revisions\/3096"}],"wp:attachment":[{"href":"https:\/\/sanddorn-christine-berger.de\/en\/wp-json\/wp\/v2\/media?parent=1159"}],"curies":[{"name":"wp","href":"https:\/\/api.w.org\/{rel}","templated":true}]}}