{"id":1089,"date":"2015-07-02T10:09:22","date_gmt":"2015-07-02T08:09:22","guid":{"rendered":"https:\/\/sanddorn-christine-berger.de\/en\/?page_id=1089"},"modified":"2024-11-28T22:04:31","modified_gmt":"2024-11-28T21:04:31","slug":"sea-buckthorn-products-home","status":"publish","type":"page","link":"https:\/\/sanddorn-christine-berger.de\/en\/","title":{"rendered":"Sea Buckthorn Products &#8211; Home"},"content":{"rendered":"<div id='layer_slider_1'  class='avia-layerslider main_color avia-shadow  avia-builder-el-0  el_before_av_textblock  avia-builder-el-first  container_wrap sidebar_right'  style='height: 331px; max-width: 1130px; margin: 0 auto;'  ><\/div><div id='after_layer_slider_1'  class='main_color av_default_container_wrap container_wrap sidebar_right'  ><div class='container av-section-cont-open' ><div class='template-page content  av-content-small alpha units'><div class='post-entry post-entry-type-page post-entry-1089'><div class='entry-content-wrapper clearfix'>\n<section  class='av_textblock_section av-4t1o-f60cc741ca9ee2a97c153f98452766bd '   itemscope=\"itemscope\" itemtype=\"https:\/\/schema.org\/CreativeWork\" ><div class='av-desktop-hide av-medium-hide avia_textblock'  itemprop=\"text\" ><div class=\"mobileonly\" style=\"padding-bottom: 20px !important;\">\n<p><img decoding=\"async\" class=\" alignleft\" style=\"padding-bottom: 20px !important;\" src=\"https:\/\/sanddorn-christine-berger.de\/wp-content\/uploads\/2015\/04\/bio-sanddorn-produkte.jpg\" alt=\"Bio-Sanddorn-Produkte aus Deutschland\" width=\"100%\" height=\"auto\" \/><\/p>\n<\/div>\n<\/div><\/section>\n<section  class='av_textblock_section av-19wyw-0c74ea060dac131fe7e32d87f72f8ada '   itemscope=\"itemscope\" itemtype=\"https:\/\/schema.org\/CreativeWork\" ><div class='av-desktop-hide av-medium-hide avia_textblock'  itemprop=\"text\" ><div class=\"mobileonly\">\n<h2 class=\"mobileonly\"><span style=\"font-size: 18px; padding-top: 60px !important;\">Die Christine Berger GmbH steht f\u00fcr:<\/span><\/h2>\n<ul style=\"color: #ff9900; font-size: 14px;\">\n<li class=\"mobileonly\">Bio-Sanddorn aus eigenem Anbau<\/li>\n<li class=\"mobileonly\">Sanddorn-Delikatessen der Marke Sandokan<\/li>\n<li class=\"mobileonly\">Sanddorn-Kosmetik<\/li>\n<li class=\"mobileonly\">Sanddorn-Rohstoffe f\u00fcr Hersteller<\/li>\n<\/ul>\n<\/div>\n<\/div><\/section>\n<section  class='av_textblock_section av-18igu-fa17b227a4f9e7cf971c9915a8b44864 '   itemscope=\"itemscope\" itemtype=\"https:\/\/schema.org\/CreativeWork\" ><div class='av-desktop-hide av-medium-hide avia_textblock'  itemprop=\"text\" ><div class=\"mobileonly\" style=\"padding-bottom: 20px !important;\">\n\n<style type=\"text\/css\" data-created_by=\"avia_inline_auto\" id=\"style-css-av-15z52-578efe8dd3b9486b0d88960ab1948661\">\n#top .hr.hr-invisible.av-15z52-578efe8dd3b9486b0d88960ab1948661{\nheight:10px;\n}\n<\/style>\n<div  class='hr av-15z52-578efe8dd3b9486b0d88960ab1948661 hr-invisible  avia-builder-el-4  el_before_av_hr  avia-builder-el-first '><span class='hr-inner '><span class=\"hr-inner-style\"><\/span><\/span><\/div><\/p>\n<p><a href=\"https:\/\/www.sanddorn-shop.com\/\"><img decoding=\"async\" class=\"alignleft size-full wp-image-571\" src=\"https:\/\/sanddorn-christine-berger.de\/wp-content\/uploads\/sanddorn-produkte-bio-online-shop-kaufen.jpg\" alt=\"Sanddorn-Fruchtfleischoel und Sanddornkernoel online kaufen\" width=\"100%\" \/><\/a>\n<style type=\"text\/css\" data-created_by=\"avia_inline_auto\" id=\"style-css-av-13bey-831e73a7c32ae3e3db41f42aa52ce75f\">\n#top .hr.hr-invisible.av-13bey-831e73a7c32ae3e3db41f42aa52ce75f{\nheight:20px;\n}\n<\/style>\n<div  class='hr av-13bey-831e73a7c32ae3e3db41f42aa52ce75f hr-invisible  avia-builder-el-5  el_after_av_hr  avia-builder-el-last '><span class='hr-inner '><span class=\"hr-inner-style\"><\/span><\/span><\/div><br \/>\n<a href=\"https:\/\/www.sanddorn-garten-petzow.de\/\"><img decoding=\"async\" class=\"alignleft size-full wp-image-571\" src=\"https:\/\/sanddorn-christine-berger.de\/wp-content\/uploads\/termine-veranstaltungen-potsdam-petzow-werder.jpg\" alt=\"Sanddorn-Fruchtfleischoel und Sanddornkernoel online kaufen\" width=\"100%\" \/><\/a><\/p>\n<h3>\u00d6ffnungszeiten<\/h3>\n<p><span style=\"color: #ff9900;\">November bis M\u00e4rz<\/span><br \/>\nMontag bis Freitag<br \/>\n10:00 bis 17:00 Uhr<br \/>\nWochenende &#038; Feiertage<br \/>\n10:00 bis 18:00 Uhr<\/p>\n<p><span style=\"color: #ff9900;\">April bis Oktober<\/span><br \/>\nMontag bis Sonntag<br \/>\n10:00-18:00 Uhr<\/p>\n<p><strong>Telefon +49(0) 33 27\/46 91-0<br \/>\nTelefax +49(0) 33 27\/46 91-24<br \/>\n<a href=\"mailto:info@sandokan.de\">info@sandokan.de<\/a> <\/strong><\/p>\n<\/div>\n<\/div><\/section>\n<div  class='flex_column av-11l32-fd6189dd385f5c94e36abab14a167540 av_one_full  avia-builder-el-6  el_after_av_textblock  el_before_av_heading  first flex_column_div  column-top-margin'     ><p>\n<style type=\"text\/css\" data-created_by=\"avia_inline_auto\" id=\"style-css-av-yk86-10a454933d1a0982ed0e022da9daf06b\">\n#top .av-special-heading.av-yk86-10a454933d1a0982ed0e022da9daf06b{\npadding-bottom:0;\n}\nbody .av-special-heading.av-yk86-10a454933d1a0982ed0e022da9daf06b .av-special-heading-tag .heading-char{\nfont-size:25px;\n}\n.av-special-heading.av-yk86-10a454933d1a0982ed0e022da9daf06b .av-subheading{\nfont-size:10px;\n}\n<\/style>\n<div  class='av-special-heading av-yk86-10a454933d1a0982ed0e022da9daf06b av-special-heading-h3 meta-heading  avia-builder-el-7  el_before_av_portfolio  avia-builder-el-no-sibling  hrline'><h3 class='av-special-heading-tag '  itemprop=\"headline\"  >Unsere Marken<\/h3><div class=\"special-heading-border\"><div class=\"special-heading-inner-border\"><\/div><\/div><\/div><br \/>\n<\/p><\/div>\n<div  class='flex_column av-93tm-eaf7905b53ae8aade7d07d383ad04e74 av_one_full first flex_column_div  '     ><p>\n<style type=\"text\/css\" data-created_by=\"avia_inline_auto\" id=\"style-css-av-2u6-ee91bd5e08ce6dc86054a9b60bc0cc89\">\n#top .av-special-heading.av-2u6-ee91bd5e08ce6dc86054a9b60bc0cc89{\npadding-bottom:30px;\n}\nbody .av-special-heading.av-2u6-ee91bd5e08ce6dc86054a9b60bc0cc89 .av-special-heading-tag .heading-char{\nfont-size:25px;\n}\n.av-special-heading.av-2u6-ee91bd5e08ce6dc86054a9b60bc0cc89 .av-subheading{\nfont-size:10px;\n}\n<\/style>\n<div  class='av-special-heading av-2u6-ee91bd5e08ce6dc86054a9b60bc0cc89 av-special-heading-h3 meta-heading  avia-builder-el-9  el_after_av_one_full  el_before_av_one_full  hrline'><h3 class='av-special-heading-tag '  itemprop=\"headline\"  >Unser Unternehmen im Video-Portrait<\/h3><div class=\"special-heading-border\"><div class=\"special-heading-inner-border\"><\/div><\/div><\/div><br \/>\n\n<style type=\"text\/css\" data-created_by=\"avia_inline_auto\" id=\"style-css-av-6cfu-d73576320676c688804e1598cf3342b3\">\n.avia-video.av-6cfu-d73576320676c688804e1598cf3342b3{\nbackground-image:url(https:\/\/sanddorn-christine-berger.de\/wp-content\/uploads\/video-standbild.jpg);\n}\n<\/style>\n<div  class='avia-video av-6cfu-d73576320676c688804e1598cf3342b3 avia-video-16-9 av-preview-image avia-video-load-always avia-video-html5'  itemprop=\"video\" itemtype=\"https:\/\/schema.org\/VideoObject\"  data-original_url='https:\/\/sanddorn-christine-berger.de\/wp-content\/uploads\/Sanddorn-Christine-Berger-GmbH.mp4'><video class='avia_video' poster=\"https:\/\/sanddorn-christine-berger.de\/wp-content\/uploads\/video-standbild.jpg\"   preload=\"auto\"  controls id='player_1089_1942897828_314371623'><source src='https:\/\/sanddorn-christine-berger.de\/wp-content\/uploads\/Sanddorn-Christine-Berger-GmbH.mp4' type='video\/mp4' \/><\/video><\/div><\/p><\/div>\n\n<style type=\"text\/css\" data-created_by=\"avia_inline_auto\" id=\"style-css-av-4o4q-fb9ad9d8a0c74055c386670c32f3a2d9\">\n#top .av-special-heading.av-4o4q-fb9ad9d8a0c74055c386670c32f3a2d9{\npadding-bottom:30px;\n}\nbody .av-special-heading.av-4o4q-fb9ad9d8a0c74055c386670c32f3a2d9 .av-special-heading-tag .heading-char{\nfont-size:25px;\n}\n.av-special-heading.av-4o4q-fb9ad9d8a0c74055c386670c32f3a2d9 .av-subheading{\nfont-size:10px;\n}\n<\/style>\n<div  class='av-special-heading av-4o4q-fb9ad9d8a0c74055c386670c32f3a2d9 av-special-heading-h3 meta-heading  hrline'><h3 class='av-special-heading-tag '  itemprop=\"headline\"  >Infos f\u00fcr H\u00e4ndler und Hersteller<\/h3><div class=\"special-heading-border\"><div class=\"special-heading-inner-border\"><\/div><\/div><\/div>\n<div  class='flex_column av-tl9y-3a7ef72c78e1c32dccbb1c69d360dcaa av_one_full  avia-builder-el-10  el_after_av_heading  el_before_av_one_full  first flex_column_div  '     ><p><div  class='togglecontainer av-r2ea-12d06b96f4eab3c042a858e359d9f493  avia-builder-el-11  el_before_av_hr  avia-builder-el-first  toggle_close_all' >\n<section class='av_toggle_section av-2uxi-455c7f2bb247d31e0abf53a25c8c4854'  itemscope=\"itemscope\" itemtype=\"https:\/\/schema.org\/CreativeWork\" ><div role=\"tablist\" class=\"single_toggle\" data-tags=\"{All} \"  ><p id='toggle-toggle-id-1' data-fake-id='#toggle-id-1' class='toggler  activeTitle av-title-above '  itemprop=\"headline\"  role='tab' tabindex='0' aria-controls='toggle-id-1' data-slide-speed=\"200\" data-title=\"Termine f\u00fcr H\u00e4ndler &amp; Hersteller\" data-title-open=\"\" data-aria_collapsed=\"Click to expand: Termine f\u00fcr H\u00e4ndler &amp; Hersteller\" data-aria_expanded=\"Click to collapse: Termine f\u00fcr H\u00e4ndler &amp; Hersteller\">Termine f\u00fcr H\u00e4ndler & Hersteller<span class=\"toggle_icon\"><span class=\"vert_icon\"><\/span><span class=\"hor_icon\"><\/span><\/span><\/p><div id='toggle-id-1' aria-labelledby='toggle-toggle-id-1' role='region' class='toggle_wrap  active_tc av-title-above' style='display:block;' ><div class='toggle_content invers-color '  itemprop=\"text\" ><p style=\"font-weight: 400;\">Fisch &amp; Feines | Bremen | 8.-10.11.2024 | <a href=\"https:\/\/fisch-feines.de\/\">Infos zur Messe<\/a><\/p>\n<p>Nordstil | Hamburg | 11.-13.01.2025 | <a href=\"https:\/\/nordstil.messefrankfurt.com\/hamburg\/de.html\">Infos zur Messe<\/a><\/p>\n<p>Internationale Gr\u00fcne Woche 2025 | Berlin | 17.-26.01.2025 | <a href=\"https:\/\/www.gruenewoche.de\/de\">Infos zur Messe<\/a><\/p>\n<div  class='avia-button-wrap av-lzdo-d67043569bd875c8f092ce42f27013d4-wrap avia-button-leftt  avia-builder-el-12  el_before_av_button  avia-builder-el-first '>\n<style type=\"text\/css\" data-created_by=\"avia_inline_auto\" id=\"style-css-av-lzdo-d67043569bd875c8f092ce42f27013d4\">\n#top #wrap_all .avia-button.av-lzdo-d67043569bd875c8f092ce42f27013d4{\nbackground-color:#f58220;\nborder-color:#f58220;\ncolor:#ffffff;\ntransition:all 0.4s ease-in-out;\n}\n#top #wrap_all .avia-button.av-lzdo-d67043569bd875c8f092ce42f27013d4 .avia-svg-icon svg:first-child{\nfill:#ffffff;\nstroke:#ffffff;\n}\n<\/style>\n<a href='https:\/\/sanddorn-christine-berger.de\/en\/contact-directions\/'  class='avia-button av-lzdo-d67043569bd875c8f092ce42f27013d4 av-link-btn avia-icon_select-no avia-size-medium avia-position-leftt'   aria-label=\"Fordern Sie unseren H\u00e4ndlerkatalog an\"><span class='avia_iconbox_title' >Fordern Sie unseren H\u00e4ndlerkatalog an<\/span><\/a><\/div>\n<\/div><\/div><\/div><\/section>\n<section class='av_toggle_section av-kajo-2ded924748a6c66e09c9b4aacbbf3d82'  itemscope=\"itemscope\" itemtype=\"https:\/\/schema.org\/CreativeWork\" ><div role=\"tablist\" class=\"single_toggle\" data-tags=\"{All} \"  ><p id='toggle-toggle-id-2' data-fake-id='#toggle-id-2' class='toggler  av-title-above '  itemprop=\"headline\"  role='tab' tabindex='0' aria-controls='toggle-id-2' data-slide-speed=\"200\" data-title=\"F\u00fcr H\u00e4ndler\" data-title-open=\"\" data-aria_collapsed=\"Click to expand: F\u00fcr H\u00e4ndler\" data-aria_expanded=\"Click to collapse: F\u00fcr H\u00e4ndler\">F\u00fcr H\u00e4ndler<span class=\"toggle_icon\"><span class=\"vert_icon\"><\/span><span class=\"hor_icon\"><\/span><\/span><\/p><div id='toggle-id-2' aria-labelledby='toggle-toggle-id-2' role='region' class='toggle_wrap  av-title-above'  ><div class='toggle_content invers-color '  itemprop=\"text\" ><h4>Unser Bio-Sanddornsaft und unsere Sanddorn-Delikatessen der Marke Sandokan eigenen sich optimal zur Sortimentserweiterung im Einzel- und Fachhandel<\/h4>\n<p>Neben zahlreichen Sanddorn-Produkten wie Bio-Sanddorn-Muttersaft, Sanddorn\u00f6l, Sanddorn-Lik\u00f6r, Sanddorn-Marmelade und Sanddorn-Fruchtaufstrichen bietet die Christine Berger GmbH &#038; Co. KG auch eine eigene Sanddorn-Kosmetik-Linie. Ob im touristischen Einzelhandel z. B. an der Ost- und Nordsee, in Bio-L\u00e4den, Reformh\u00e4usern oder in Lebensmittelm\u00e4rkten &#8211; Wir bieten Ihnen zahlreiche Sanddorn-Produkte aus Sanddorn, den wir auf unseren bio-zertifizierten Fl\u00e4chen in Brandenburg selbst anbauen und nach eigenen Rezepten verarbeiten.<\/p>\n<p><strong>Gerne informieren wir Sie ausf\u00fchrlich \u00fcber unser umfassendes Sanddorn- und Wildfrucht-Sortiment.<\/strong><br \/>\n<div  class='avia-button-wrap av-hjwu-2d2c58ee5c8a95742a32b5a5f2a6fefc-wrap avia-button-leftt  avia-builder-el-13  el_after_av_button  el_before_av_button '>\n<style type=\"text\/css\" data-created_by=\"avia_inline_auto\" id=\"style-css-av-hjwu-2d2c58ee5c8a95742a32b5a5f2a6fefc\">\n#top #wrap_all .avia-button.av-hjwu-2d2c58ee5c8a95742a32b5a5f2a6fefc{\nbackground-color:#f58220;\nborder-color:#f58220;\ncolor:#ffffff;\ntransition:all 0.4s ease-in-out;\n}\n#top #wrap_all .avia-button.av-hjwu-2d2c58ee5c8a95742a32b5a5f2a6fefc .avia-svg-icon svg:first-child{\nfill:#ffffff;\nstroke:#ffffff;\n}\n<\/style>\n<a href='https:\/\/sanddorn-christine-berger.de\/en\/contact-directions\/'  class='avia-button av-hjwu-2d2c58ee5c8a95742a32b5a5f2a6fefc av-link-btn avia-icon_select-no avia-size-medium avia-position-leftt'   aria-label=\"Jetzt Informationen anfordern\"><span class='avia_iconbox_title' >Jetzt Informationen anfordern<\/span><\/a><\/div><\/p>\n<\/div><\/div><\/div><\/section>\n<section class='av_toggle_section av-h2h2-007c82cf4504db657edecb3203f986b1'  itemscope=\"itemscope\" itemtype=\"https:\/\/schema.org\/CreativeWork\" ><div role=\"tablist\" class=\"single_toggle\" data-tags=\"{All} \"  ><p id='toggle-toggle-id-3' data-fake-id='#toggle-id-3' class='toggler  av-title-above '  itemprop=\"headline\"  role='tab' tabindex='0' aria-controls='toggle-id-3' data-slide-speed=\"200\" data-title=\"Sanddorn-Rohstoffe f\u00fcr Hersteller\" data-title-open=\"\" data-aria_collapsed=\"Click to expand: Sanddorn-Rohstoffe f\u00fcr Hersteller\" data-aria_expanded=\"Click to collapse: Sanddorn-Rohstoffe f\u00fcr Hersteller\">Sanddorn-Rohstoffe f\u00fcr Hersteller<span class=\"toggle_icon\"><span class=\"vert_icon\"><\/span><span class=\"hor_icon\"><\/span><\/span><\/p><div id='toggle-id-3' aria-labelledby='toggle-toggle-id-3' role='region' class='toggle_wrap  av-title-above'  ><div class='toggle_content invers-color '  itemprop=\"text\" ><h4>Auf \u00fcber 100 Hektar Anbaufl\u00e4che produzieren wir bio-zertifizierten Sanddorn und verarbeiten die Ernte auch zu Sanddorn-Rohstoffen und -Vorstufen f\u00fcr Lebensmittel- und Kosmetikhersteller<\/h4>\n<p>Zu unserem Angebot geh\u00f6ren unter anderem BIO-Sanddornbeeren gefrostet, BIO-Sanddorn-Muttersaft, BIO-Sanddornfeinmark, BIO-Sanddornpulver spr\u00fchgetrocknet, BIO-Sanddorn-Trester, BIO-Sanddornbeeren getrocknet, BIO-Sanddornfruchtfleisch\u00f6l und BIO-Sanddornkonzentrat. Die Qualit\u00e4t unserer Produkte f\u00fcr Hersteller sichern wir nicht nur durch Bio-Anbau und moderne Erntetechnologien. Auch bei der Verarbeitung kommen ausschlie\u00dflich schonende Methoden zum Einsatz, die die wertvollen Inhaltsstoffe des Sanddorn bewahren.<\/p>\n<p><strong>Gerne stellen wir Ihnen auf Anfrage detaillierte Informationen zu unserer Sanddorn-Produktion und unseren Sanddorn-Rohstoffen zur Verf\u00fcgung. Auch im Rahmen einer Betriebsf\u00fchrung \u00fcberzeugen wir Sie gerne von unserer Arbeit und unseren Sanddorn-Produkten.<\/strong><\/p>\n<div  class='avia-button-wrap av-1cjg-297d6bbd49e0c01950ed0cdadd47870c-wrap avia-button-leftt  avia-builder-el-14  el_after_av_button  avia-builder-el-last '>\n<style type=\"text\/css\" data-created_by=\"avia_inline_auto\" id=\"style-css-av-1cjg-297d6bbd49e0c01950ed0cdadd47870c\">\n#top #wrap_all .avia-button.av-1cjg-297d6bbd49e0c01950ed0cdadd47870c{\nbackground-color:#f58220;\nborder-color:#f58220;\ncolor:#ffffff;\ntransition:all 0.4s ease-in-out;\n}\n#top #wrap_all .avia-button.av-1cjg-297d6bbd49e0c01950ed0cdadd47870c .avia-svg-icon svg:first-child{\nfill:#ffffff;\nstroke:#ffffff;\n}\n<\/style>\n<a href='https:\/\/sanddorn-christine-berger.de\/en\/contact-directions\/'  class='avia-button av-1cjg-297d6bbd49e0c01950ed0cdadd47870c av-link-btn avia-icon_select-no avia-size-medium avia-position-leftt'   aria-label=\"Jetzt Informationen anfordern\"><span class='avia_iconbox_title' >Jetzt Informationen anfordern<\/span><\/a><\/div>\n<\/div><\/div><\/div><\/section>\n<\/div><br \/>\n\n<style type=\"text\/css\" data-created_by=\"avia_inline_auto\" id=\"style-css-av-bpfc-bd05294c980ce7006d43b95c5c3735b2\">\n#top .hr.hr-invisible.av-bpfc-bd05294c980ce7006d43b95c5c3735b2{\nheight:30px;\n}\n<\/style>\n<div  class='hr av-bpfc-bd05294c980ce7006d43b95c5c3735b2 hr-invisible  avia-builder-el-15  el_after_av_toggle_container  avia-builder-el-last '><span class='hr-inner '><span class=\"hr-inner-style\"><\/span><\/span><\/div><\/p><\/div><\/p>\n\n<style type=\"text\/css\" data-created_by=\"avia_inline_auto\" id=\"style-css-av-32us-fd4090a0ee9111a59342cb17fda3d6a9\">\n.flex_column.av-32us-fd4090a0ee9111a59342cb17fda3d6a9{\nborder-radius:0px 0px 0px 0px;\npadding:0px 0px 0px 0px;\n}\n<\/style>\n<div  class='flex_column av-32us-fd4090a0ee9111a59342cb17fda3d6a9 av_one_full  avia-builder-el-16  el_after_av_one_full  el_before_av_one_full  first flex_column_div av-zero-column-padding  column-top-margin'     ><\/div>\n","protected":false},"excerpt":{"rendered":"","protected":false},"author":3,"featured_media":0,"parent":0,"menu_order":1,"comment_status":"closed","ping_status":"closed","template":"","meta":{"footnotes":""},"class_list":["post-1089","page","type-page","status-publish","hentry"],"yoast_head":"<!-- This site is optimized with the Yoast SEO plugin v27.1.1 - https:\/\/yoast.com\/product\/yoast-seo-wordpress\/ -->\n<title>Sea Buckthorn Products &amp; Delicatessen by Christine Berger<\/title>\n<meta name=\"description\" content=\"The company &quot;Christine Berger&quot; offers a wide range of Sea Buckthorn Products &amp; Delicatessen - based on Sea Buckthorn grown on own organic plantations.\" \/>\n<meta name=\"robots\" content=\"index, follow, max-snippet:-1, max-image-preview:large, max-video-preview:-1\" \/>\n<link rel=\"canonical\" href=\"https:\/\/sanddorn-christine-berger.de\/en\/\" \/>\n<meta property=\"og:locale\" content=\"en_US\" \/>\n<meta property=\"og:type\" content=\"article\" \/>\n<meta property=\"og:title\" content=\"Sea Buckthorn Products &amp; Delicatessen by Christine Berger\" \/>\n<meta property=\"og:description\" content=\"The company &quot;Christine Berger&quot; offers a wide range of Sea Buckthorn Products &amp; Delicatessen - based on Sea Buckthorn grown on own organic plantations.\" \/>\n<meta property=\"og:url\" content=\"https:\/\/sanddorn-christine-berger.de\/en\/\" \/>\n<meta property=\"og:site_name\" content=\"Christine Berger |\" \/>\n<meta property=\"article:modified_time\" content=\"2024-11-28T21:04:31+00:00\" \/>\n<meta property=\"og:image\" content=\"https:\/\/sanddorn-christine-berger.de\/wp-content\/uploads\/2015\/04\/bio-sanddorn-produkte.jpg\" \/>\n<meta name=\"twitter:label1\" content=\"Est. reading time\" \/>\n\t<meta name=\"twitter:data1\" content=\"8 minutes\" \/>\n<script type=\"application\/ld+json\" class=\"yoast-schema-graph\">{\"@context\":\"https:\/\/schema.org\",\"@graph\":[{\"@type\":\"WebPage\",\"@id\":\"https:\/\/sanddorn-christine-berger.de\/en\/\",\"url\":\"https:\/\/sanddorn-christine-berger.de\/en\/\",\"name\":\"Sea Buckthorn Products & Delicatessen by Christine Berger\",\"isPartOf\":{\"@id\":\"https:\/\/sanddorn-christine-berger.de\/en\/#website\"},\"primaryImageOfPage\":{\"@id\":\"https:\/\/sanddorn-christine-berger.de\/en\/#primaryimage\"},\"image\":{\"@id\":\"https:\/\/sanddorn-christine-berger.de\/en\/#primaryimage\"},\"thumbnailUrl\":\"https:\/\/sanddorn-christine-berger.de\/wp-content\/uploads\/2015\/04\/bio-sanddorn-produkte.jpg\",\"datePublished\":\"2015-07-02T08:09:22+00:00\",\"dateModified\":\"2024-11-28T21:04:31+00:00\",\"description\":\"The company \\\"Christine Berger\\\" offers a wide range of Sea Buckthorn Products & Delicatessen - based on Sea Buckthorn grown on own organic plantations.\",\"inLanguage\":\"en-US\",\"potentialAction\":[{\"@type\":\"ReadAction\",\"target\":[\"https:\/\/sanddorn-christine-berger.de\/en\/\"]}]},{\"@type\":\"ImageObject\",\"inLanguage\":\"en-US\",\"@id\":\"https:\/\/sanddorn-christine-berger.de\/en\/#primaryimage\",\"url\":\"https:\/\/sanddorn-christine-berger.de\/wp-content\/uploads\/2015\/04\/bio-sanddorn-produkte.jpg\",\"contentUrl\":\"https:\/\/sanddorn-christine-berger.de\/wp-content\/uploads\/2015\/04\/bio-sanddorn-produkte.jpg\"},{\"@type\":\"WebSite\",\"@id\":\"https:\/\/sanddorn-christine-berger.de\/en\/#website\",\"url\":\"https:\/\/sanddorn-christine-berger.de\/en\/\",\"name\":\"Christine Berger |\",\"description\":\"Die Welt des Sanddorns\",\"potentialAction\":[{\"@type\":\"SearchAction\",\"target\":{\"@type\":\"EntryPoint\",\"urlTemplate\":\"https:\/\/sanddorn-christine-berger.de\/en\/?s={search_term_string}\"},\"query-input\":{\"@type\":\"PropertyValueSpecification\",\"valueRequired\":true,\"valueName\":\"search_term_string\"}}],\"inLanguage\":\"en-US\"}]}<\/script>\n<!-- \/ Yoast SEO plugin. -->","yoast_head_json":{"title":"Sea Buckthorn Products & Delicatessen by Christine Berger","description":"The company \"Christine Berger\" offers a wide range of Sea Buckthorn Products & Delicatessen - based on Sea Buckthorn grown on own organic plantations.","robots":{"index":"index","follow":"follow","max-snippet":"max-snippet:-1","max-image-preview":"max-image-preview:large","max-video-preview":"max-video-preview:-1"},"canonical":"https:\/\/sanddorn-christine-berger.de\/en\/","og_locale":"en_US","og_type":"article","og_title":"Sea Buckthorn Products & Delicatessen by Christine Berger","og_description":"The company \"Christine Berger\" offers a wide range of Sea Buckthorn Products & Delicatessen - based on Sea Buckthorn grown on own organic plantations.","og_url":"https:\/\/sanddorn-christine-berger.de\/en\/","og_site_name":"Christine Berger |","article_modified_time":"2024-11-28T21:04:31+00:00","og_image":[{"url":"https:\/\/sanddorn-christine-berger.de\/wp-content\/uploads\/2015\/04\/bio-sanddorn-produkte.jpg","type":"","width":"","height":""}],"twitter_misc":{"Est. reading time":"8 minutes"},"schema":{"@context":"https:\/\/schema.org","@graph":[{"@type":"WebPage","@id":"https:\/\/sanddorn-christine-berger.de\/en\/","url":"https:\/\/sanddorn-christine-berger.de\/en\/","name":"Sea Buckthorn Products & Delicatessen by Christine Berger","isPartOf":{"@id":"https:\/\/sanddorn-christine-berger.de\/en\/#website"},"primaryImageOfPage":{"@id":"https:\/\/sanddorn-christine-berger.de\/en\/#primaryimage"},"image":{"@id":"https:\/\/sanddorn-christine-berger.de\/en\/#primaryimage"},"thumbnailUrl":"https:\/\/sanddorn-christine-berger.de\/wp-content\/uploads\/2015\/04\/bio-sanddorn-produkte.jpg","datePublished":"2015-07-02T08:09:22+00:00","dateModified":"2024-11-28T21:04:31+00:00","description":"The company \"Christine Berger\" offers a wide range of Sea Buckthorn Products & Delicatessen - based on Sea Buckthorn grown on own organic plantations.","inLanguage":"en-US","potentialAction":[{"@type":"ReadAction","target":["https:\/\/sanddorn-christine-berger.de\/en\/"]}]},{"@type":"ImageObject","inLanguage":"en-US","@id":"https:\/\/sanddorn-christine-berger.de\/en\/#primaryimage","url":"https:\/\/sanddorn-christine-berger.de\/wp-content\/uploads\/2015\/04\/bio-sanddorn-produkte.jpg","contentUrl":"https:\/\/sanddorn-christine-berger.de\/wp-content\/uploads\/2015\/04\/bio-sanddorn-produkte.jpg"},{"@type":"WebSite","@id":"https:\/\/sanddorn-christine-berger.de\/en\/#website","url":"https:\/\/sanddorn-christine-berger.de\/en\/","name":"Christine Berger |","description":"Die Welt des Sanddorns","potentialAction":[{"@type":"SearchAction","target":{"@type":"EntryPoint","urlTemplate":"https:\/\/sanddorn-christine-berger.de\/en\/?s={search_term_string}"},"query-input":{"@type":"PropertyValueSpecification","valueRequired":true,"valueName":"search_term_string"}}],"inLanguage":"en-US"}]}},"_links":{"self":[{"href":"https:\/\/sanddorn-christine-berger.de\/en\/wp-json\/wp\/v2\/pages\/1089","targetHints":{"allow":["GET"]}}],"collection":[{"href":"https:\/\/sanddorn-christine-berger.de\/en\/wp-json\/wp\/v2\/pages"}],"about":[{"href":"https:\/\/sanddorn-christine-berger.de\/en\/wp-json\/wp\/v2\/types\/page"}],"author":[{"embeddable":true,"href":"https:\/\/sanddorn-christine-berger.de\/en\/wp-json\/wp\/v2\/users\/3"}],"replies":[{"embeddable":true,"href":"https:\/\/sanddorn-christine-berger.de\/en\/wp-json\/wp\/v2\/comments?post=1089"}],"version-history":[{"count":17,"href":"https:\/\/sanddorn-christine-berger.de\/en\/wp-json\/wp\/v2\/pages\/1089\/revisions"}],"predecessor-version":[{"id":2961,"href":"https:\/\/sanddorn-christine-berger.de\/en\/wp-json\/wp\/v2\/pages\/1089\/revisions\/2961"}],"wp:attachment":[{"href":"https:\/\/sanddorn-christine-berger.de\/en\/wp-json\/wp\/v2\/media?parent=1089"}],"curies":[{"name":"wp","href":"https:\/\/api.w.org\/{rel}","templated":true}]}}